{"id":122,"date":"2023-02-18T12:37:34","date_gmt":"2023-02-18T11:37:34","guid":{"rendered":"http:\/\/gisasrl.net\/?page_id=122"},"modified":"2023-02-18T12:43:46","modified_gmt":"2023-02-18T11:43:46","slug":"azienda","status":"publish","type":"page","link":"https:\/\/gisasrl.net\/index.php\/azienda\/","title":{"rendered":"Azienda"},"content":{"rendered":"\n<p class=\"has-text-align-center has-x-large-font-size\"><strong> G.I.S.A. SRL<\/strong><\/p>\n\n\n\n<p class=\"has-text-align-left\">La vita \u00e8 il capitale pi\u00f9 prezioso: ce ne prendiamo cura ogni giorno occupandoci, grazie all\u2019uso circolare delle risorse naturali, di rifiuti, energia e ambiente.<br>Siamo all\u2019avanguardia nei servizi sul territorio e nelle soluzioni innovative, con anni di storia e di esperienza per migliorare la qualit\u00e0 della vita dei cittadini e per salvaguardare il futuro delle nuove generazioni, attraverso la transizione energetica e l\u2019economia circolare.<br>Reattivit\u00e0, flessibilit\u00e0 e velocit\u00e0 sono caratteristiche che ci contraddistinguono permettendoci di affrontare contesti in continuo cambiamento e ambire ad orizzonti sempre nuovi<br>Dal rifiuto alla risorsa: un concetto ormai largamente condiviso dalla societ\u00e0 attuale.<br>La <strong>GISA<\/strong> \u00e8 una societ\u00e0 che svolge la propria attivit\u00e0 nel settore pubblico e privato. Il core business \u00e8 rappresentato dalla gestione ed erogazione in modalit\u00e0 integrata dei servizi di igiene urbana, di raccolta e recupero rifiuti urbani e speciali.<\/p>\n\n\n\n<p class=\"has-text-align-left\"><br>La Societ\u00e0 \u00e8 affidataria del servizio di igiene ambientale nei comuni dell\u2019area nord della Basilicata (<strong>Melfi, Rapolla, Barile<\/strong>, oltre a ricevere nel proprio impianto di recupero parte dei rifiuti prodotti dai Comuni di <strong>Rionero in Vulture, Lavello, Ripacandid<\/strong>a) ed \u00e8 particolarmente presente nell\u2019area industriale di <strong>San Nicola di Melfi<\/strong> principalmente nel comparto automotive in aziende come <strong>Stellantis, Magneti Marelli, Ma, Tiberina, Multilog, Proma<\/strong> oltre ad altre importanti realt\u00e0 agroalimentari come <strong>Barilla, Preziosi Food, Agoalimentare Sud, La doria, Cargill, Candeal Commercio, Acque minerali d\u2019Italia<\/strong> rappresentando in tal modo una realt\u00e0 in grado di operare in tutto il territorio Lucano con elevati standard di qualit\u00e0<br>e di efficienza.<\/p>\n\n\n\n<p><br>La <strong>GISA <\/strong>\u00e8 divenuta cos\u00ec uno degli anelli forti di questa catena della valorizzazione del rifiuto, contribuendo a modellare il percorso di questa catena lungo una virtuosa spirale di evoluzione del settore ambientale Lucano, in cui il rifiuto costituisce appunto qualcosa non semplicemente da distruggere, ma da investire per produrre. Tutto questo avviene grazie alla valorizzazione del rifiuto presso l\u2019impianto di trattamento meccanico biologico.<br>In una logica di ottimizzazione gestionale, la GISA, \u00e8 piattaforma di selezione e <strong>pressatura Conai <\/strong>(Corepla, Comieco, Coreve) per le diverse tipologie di imballaggi (<strong>plastica, carta, vetro, metalli e legno<\/strong>), produce compost da forsu e fanghi grazie ad un processo di digestione aerobica ma soprattutto valorizza il rifiuto secco attraverso la produzione di Css (combustibile solido secondario) utilizzato poi da centrali elettriche e cementifici in co-combustione con le fonti fossili.<br>Rispetto al css prodotto, la Gisa, oltre ad aver ottenuto l\u2019iscrizione alla <strong>UNI EN 15358<\/strong>, ha ottenuto anche l\u2019iscrizione al portale europeo delle merci (<strong>ECHA<\/strong>) grazie ad una propria miscela rispondente a determinati standard.<br>L\u2019attenzione spinta alla tutela e al rispetto del proprio sistema socio-ambientale di riferimento che, peraltro, ha portato la societ\u00e0 a conseguire e mantenere nel tempo, per tutte le sue attivit\u00e0 in essere, le certificazioni <a href=\"http:\/\/gisasrl.net\/index.php\/certificazioni\/\" data-type=\"page\" data-id=\"98\">UNI EN ISO 14001 e UNI EN ISO 9001<\/a>, a totale garanzia del sistema di gestione ambientale e del sistema di gestione della qualit\u00e0.<br>Obiettivo della Gisa \u00e8 progettare e gestire il sistema rifiuti nella sua completezza, assicurando il pieno rispetto degli standard ambientali e la tutela della qualit\u00e0 della vita con un servizio personalizzato, rapido ed efficiente.<\/p>\n\n\n\n<div class=\"wp-block-buttons is-layout-flex wp-block-buttons-is-layout-flex\">\n<div class=\"wp-block-button has-custom-width wp-block-button__width-100\"><a class=\"wp-block-button__link has-background wp-element-button\" href=\"http:\/\/gisasrl.net\/wp-content\/uploads\/2023\/02\/D-Presentazione_Gisa.pdf\" style=\"background-color:#1151d3\" target=\"_blank\" rel=\"noreferrer noopener\">Scarica il PDF<\/a><\/div>\n<\/div>\n","protected":false},"excerpt":{"rendered":"<p>G.I.S.A. SRL La vita \u00e8 il capitale pi\u00f9 prezioso: ce ne prendiamo cura ogni giorno occupandoci, grazie all\u2019uso circolare delle risorse naturali, di rifiuti, energia e ambiente.Siamo all\u2019avanguardia nei servizi sul territorio e nelle soluzioni innovative, con anni di storia e di esperienza per migliorare la qualit\u00e0 della vita dei cittadini e per salvaguardare il [&hellip;]<\/p>\n","protected":false},"author":1,"featured_media":0,"parent":0,"menu_order":0,"comment_status":"closed","ping_status":"closed","template":"","meta":{"footnotes":""},"class_list":["post-122","page","type-page","status-publish","hentry"],"_links":{"self":[{"href":"https:\/\/gisasrl.net\/index.php\/wp-json\/wp\/v2\/pages\/122","targetHints":{"allow":["GET"]}}],"collection":[{"href":"https:\/\/gisasrl.net\/index.php\/wp-json\/wp\/v2\/pages"}],"about":[{"href":"https:\/\/gisasrl.net\/index.php\/wp-json\/wp\/v2\/types\/page"}],"author":[{"embeddable":true,"href":"https:\/\/gisasrl.net\/index.php\/wp-json\/wp\/v2\/users\/1"}],"replies":[{"embeddable":true,"href":"https:\/\/gisasrl.net\/index.php\/wp-json\/wp\/v2\/comments?post=122"}],"version-history":[{"count":6,"href":"https:\/\/gisasrl.net\/index.php\/wp-json\/wp\/v2\/pages\/122\/revisions"}],"predecessor-version":[{"id":129,"href":"https:\/\/gisasrl.net\/index.php\/wp-json\/wp\/v2\/pages\/122\/revisions\/129"}],"wp:attachment":[{"href":"https:\/\/gisasrl.net\/index.php\/wp-json\/wp\/v2\/media?parent=122"}],"curies":[{"name":"wp","href":"https:\/\/api.w.org\/{rel}","templated":true}]}}